{"id":3178,"date":"2018-06-04T15:48:44","date_gmt":"2018-06-04T15:48:44","guid":{"rendered":"http:\/\/www.cmw.ma\/?page_id=3178"},"modified":"2020-06-08T07:47:59","modified_gmt":"2020-06-08T07:47:59","slug":"%d8%a7%d8%aa%d8%b5%d9%84-%d8%a8%d8%a7%d9%84%d9%85%d8%ac%d9%85%d8%b9-%d8%a7%d9%84%d8%b7%d8%a8%d9%8a-%d8%a7%d9%84%d9%88%d9%81%d8%a7%d9%82","status":"publish","type":"page","link":"https:\/\/cmw.ma\/ar\/%d8%a7%d8%aa%d8%b5%d9%84-%d8%a8%d8%a7%d9%84%d9%85%d8%ac%d9%85%d8%b9-%d8%a7%d9%84%d8%b7%d8%a8%d9%8a-%d8%a7%d9%84%d9%88%d9%81%d8%a7%d9%82\/","title":{"rendered":"\u0627\u062a\u0635\u0644 \u0628\u0627\u0644\u0645\u062c\u0645\u0639 \u0627\u0644\u0637\u0628\u064a \u0627\u0644\u0648\u0641\u0627\u0642"},"content":{"rendered":"<style><\/style><style>#c5ab-section-DFkrbK{ margin: auto auto 50px ;}#c5ab-section-DFkrbK{ margin: auto auto 50px auto ;}<\/style><div id=\"c5ab-section-DFkrbK\" class=\"c5-light-background c5ab-desktop-TRUE c5ab-tablet-TRUE c5ab-mobile-TRUE  code125-full_width-row   c5ab-section-common c5ab-align-left code125-ab-background-wrap\"><div class=\"c5ab-row clearfix\" id=\"c5ab-row-DFkrbK\"><style><\/style><style><\/style><div id=\"c5ab-column-qVhocV\" class=\"c5ab-col-base c5ab-col-lg-12 c5ab-col-md-12 c5ab-col-sm-12 c5-light-background  \"><div class=\"code125-ab-background-wrap \"><div class=\"c5ab-widget widget_text-widget c5ab-desktop-TRUE c5ab-tablet-TRUE c5ab-mobile-TRUE\" id=\"c5ab-widget-feiUDr\" ><div class=\"code125-article-layout-common\"><div class=\"entry-content\"><p><iframe loading=\"lazy\" style=\"border: 0;\" src=\"https:\/\/www.google.com\/maps\/embed?pb=!1m18!1m12!1m3!1d3310.608659727169!2d-6.931731984800237!3d33.925470231847505!2m3!1f0!2f0!3f0!3m2!1i1024!2i768!4f13.1!3m3!1m2!1s0xda70d652e472d8f%3A0x4f3f6e84c175a5f3!2sMedical+Complex+Al+Wifak!5e0!3m2!1sen!2sma!4v1528125957690\" width=\"100%\" height=\"450\" frameborder=\"0\" allowfullscreen=\"allowfullscreen\"><span data-mce-type=\"bookmark\" style=\"display: inline-block; width: 0px; overflow: hidden; line-height: 0;\" class=\"mce_SELRES_start\">\ufeff<\/span><\/iframe><\/p>\n<\/div><\/div><\/div><\/div><\/div><\/div><\/div><style><\/style><style>#c5ab-section-PZlAxu{ padding: 15px ;}#c5ab-section-PZlAxu{ padding: 15px 0 ;}#c5ab-section-PZlAxu{ padding: 15px 0 0 ;}#c5ab-section-PZlAxu{ padding: 15px 0 0 0 ;}#c5ab-section-PZlAxu{ margin: auto auto 50px ;}#c5ab-section-PZlAxu{ margin: auto auto 50px auto ;}#c5ab-section-PZlAxu {box-shadow: #8e8e8e ;}<\/style><div id=\"c5ab-section-PZlAxu\" class=\"c5-light-background c5ab-desktop-TRUE c5ab-tablet-TRUE c5ab-mobile-TRUE  c5ab-section-common c5ab-align-left code125-ab-background-wrap\"><div class=\"c5ab-center-content\" ><style>#c5ab-section-PZlAxu .c5ab-center-content{max-width: 1170px; } <\/style><div class=\"c5ab-row clearfix\" id=\"c5ab-row-PZlAxu\"><style><\/style><style><\/style><div id=\"c5ab-column-PwMlBf\" class=\"c5ab-col-base c5ab-col-lg-12 c5ab-col-md-12 c5ab-col-sm-12 c5-light-background  \"><div class=\"code125-ab-background-wrap \"><div class=\"c5ab-widget widget_contact-info-widget c5ab-desktop-TRUE c5ab-tablet-TRUE c5ab-mobile-TRUE\" id=\"c5ab-widget-eVdvoeUlCD\" ><div class=\"code125-contact-infos-common code125-contact-infos-layout-3\"><div class=\"code125-image-gKmen code125-image\"><\/div><style>.code125-image-gKmen{background-image:url('http:\/\/www.cmw.ma\/wp-content\/uploads\/2018\/01\/wif-262.jpg');}<\/style><div class=\"code125-contact-infos-content\"><div class=\"code125-contact-infos-ul clearfix\"><ul><li class=\"\"><span class=\"c5-icon fa fa-envelope-o\"><\/span><span class=\"title\">contact@cmw.ma<\/span><span class=\"subtitle\"><\/span><\/li><li class=\"\"><span class=\"c5-icon fa fa-map-marker\"><\/span><span class=\"title\">\u0634\u0627\u0631\u0639 \u0639\u0628\u062f \u0627\u0644\u0643\u0631\u064a\u0645 \u0627\u0644\u062e\u0637\u064a\u0628 \u0631\u0642\u0645 3124\u060c\u0627\u0644\u0648\u0641\u0627\u0642\u060c \u062a\u0645\u0627\u0631\u0629<\/span><span class=\"subtitle\"><\/span><\/li><\/ul><\/div>\n<p class=\"description\">\u064a\u0636\u0645 \u0627\u0644\u0645\u062c\u0645\u0639 \u0627\u0644\u0637\u0628\u064a \u0627\u0644\u0648\u0641\u0627\u0642 \u0645\u062c\u0645\u0648\u0639\u0629 \u0645\u0646 \u0627\u0644\u0639\u064a\u0627\u062f\u0627\u062a \u0627\u0644\u0637\u0628\u064a\u0629 \u0627\u0644\u0645\u062a\u062e\u0635\u0635\u0629 \u0648 \u0627\u0644\u062c\u0631\u0627\u062d\u064a\u0629\u060c \u0628\u0627\u0644\u0625\u0636\u0627\u0641\u0629 \u0625\u0644\u0649 \u0645\u062e\u062a\u0628\u0631 \u0644\u0644\u062a\u062d\u0627\u0644\u064a\u0644 \u0627\u0644\u0637\u0628\u064a\u0629<\/p><div class=\"code125-social-links code125-social-links-layout-5  \"><ul><li><a class=\"c5-icon fa fa-facebook\" href=\"https:\/\/www.facebook.com\/cmw.maroc\/?ref=br_rs\" target=\"_blank\" title=\"Facebook\"><\/a><\/li><li><a class=\"c5-icon fa fa-instagram\" href=\"https:\/\/www.instagram.com\/cmwmaroc\/\" target=\"_blank\" title=\"Instagram\"><\/a><\/li><\/ul><\/div><\/div><\/div><\/div><\/div><\/div><\/div><\/div><\/div><style><\/style><style>#c5ab-section-vLHCaK{ margin: auto auto 75px ;}#c5ab-section-vLHCaK{ margin: auto auto 75px auto ;}<\/style><div id=\"c5ab-section-vLHCaK\" class=\"c5-light-background c5ab-desktop-TRUE c5ab-tablet-TRUE c5ab-mobile-TRUE  c5ab-section-common c5ab-align-left code125-ab-background-wrap\"><div class=\"c5ab-center-content\" ><style>#c5ab-section-vLHCaK .c5ab-center-content{max-width: 1170px; } <\/style><div class=\"c5ab-row clearfix\" id=\"c5ab-row-vLHCaK\"><style><\/style><style><\/style><div id=\"c5ab-column-xoHLMP\" class=\"c5ab-col-base c5ab-col-lg-12 c5ab-col-md-12 c5ab-col-sm-12 c5-light-background  \"><div class=\"code125-ab-background-wrap \"><div class=\"c5ab-widget widget_contact_form-widget c5ab-desktop-TRUE c5ab-tablet-TRUE c5ab-mobile-TRUE\" id=\"c5ab-widget-ZfXVKZ\" ><div class=\"c5-contacts-form\"><h3>\u062a\u0648\u0627\u0635\u0644 \u0645\u0639 \u0627\u0644\u0645\u062c\u0645\u0639 \u0627\u0644\u0637\u0628\u064a \u0627\u0644\u0648\u0641\u0627\u0642 <\/h3>\n<div class=\"wpcf7 no-js\" id=\"wpcf7-f1723-o1\" lang=\"en-US\" dir=\"ltr\" data-wpcf7-id=\"1723\">\n<div class=\"screen-reader-response\"><p role=\"status\" aria-live=\"polite\" aria-atomic=\"true\"> <ul><\/ul><\/div>\n<form action=\"\/ar\/wp-json\/wp\/v2\/pages\/3178#wpcf7-f1723-o1\" method=\"post\" class=\"wpcf7-form init\" aria-label=\"Contact form\" novalidate=\"novalidate\" data-status=\"init\">\n<fieldset class=\"hidden-fields-container\"><input type=\"hidden\" name=\"_wpcf7\" value=\"1723\" \/><input type=\"hidden\" name=\"_wpcf7_version\" value=\"6.1.5\" \/><input type=\"hidden\" name=\"_wpcf7_locale\" value=\"en_US\" \/><input type=\"hidden\" name=\"_wpcf7_unit_tag\" value=\"wpcf7-f1723-o1\" \/><input type=\"hidden\" name=\"_wpcf7_container_post\" value=\"0\" \/><input type=\"hidden\" name=\"_wpcf7_posted_data_hash\" value=\"\" \/>\n<\/fieldset>\n<div class=\"row\">\n\t<div class=\"col-sm-4\">\n\t\t<span class=\"wpcf7-form-control-wrap\" data-name=\"your-name\"><input size=\"40\" maxlength=\"400\" class=\"wpcf7-form-control wpcf7-text wpcf7-validates-as-required\" aria-required=\"true\" aria-invalid=\"false\" placeholder=\"\u0627\u0644\u0625\u0633\u0645\" value=\"\" type=\"text\" name=\"your-name\" \/><\/span>\n\t\t\n\t<\/div>\n\t<div class=\"col-sm-4\">\n\t\t<span class=\"wpcf7-form-control-wrap\" data-name=\"your-email\"><input size=\"40\" maxlength=\"400\" class=\"wpcf7-form-control wpcf7-email wpcf7-validates-as-required wpcf7-text wpcf7-validates-as-email\" aria-required=\"true\" aria-invalid=\"false\" placeholder=\"\u0627\u0644\u0628\u0631\u064a\u062f \u0627\u0644\u0625\u0644\u0643\u062a\u0631\u0648\u0646\u064a\" value=\"\" type=\"email\" name=\"your-email\" \/><\/span>\n\t\t\n\t<\/div>\n\t<div class=\"col-sm-4\">\n\t\t<span class=\"wpcf7-form-control-wrap\" data-name=\"your-tel\"><input size=\"40\" maxlength=\"400\" class=\"wpcf7-form-control wpcf7-tel wpcf7-text wpcf7-validates-as-tel\" aria-invalid=\"false\" placeholder=\"\u0627\u0644\u0647\u0627\u062a\u0641\" value=\"\" type=\"tel\" name=\"your-tel\" \/><\/span>\n\t\t\n\t<\/div>\n<\/div>\n<span class=\"wpcf7-form-control-wrap\" data-name=\"your-message\"><textarea cols=\"40\" rows=\"10\" maxlength=\"2000\" class=\"wpcf7-form-control wpcf7-textarea\" aria-invalid=\"false\" placeholder=\"\u0627\u0644\u0645\u0648\u0636\u0648\u0639\" name=\"your-message\"><\/textarea><\/span><br \/>\n<input class=\"wpcf7-form-control wpcf7-submit has-spinner\" type=\"submit\" value=\"\u0623\u0631\u0633\u0644\" \/>\n<p style=\"display: none !important;\" class=\"akismet-fields-container\" data-prefix=\"_wpcf7_ak_\"><label>&#916;<textarea name=\"_wpcf7_ak_hp_textarea\" cols=\"45\" rows=\"8\" maxlength=\"100\"><\/textarea><\/label><input type=\"hidden\" id=\"ak_js_1\" name=\"_wpcf7_ak_js\" value=\"232\"\/><script type=\"text\/javascript\">\n\/* <![CDATA[ *\/\ndocument.getElementById( \"ak_js_1\" ).setAttribute( \"value\", ( new Date() ).getTime() );\n\/* ]]> *\/\n<\/script>\n<div class=\"wpcf7-response-output\" aria-hidden=\"true\"><\/div>\n<\/form>\n<\/div>\n<\/div><\/div><\/div><\/div><\/div><\/div><\/div>","protected":false},"excerpt":{"rendered":"<p>\ufeff contact@cmw.ma\u0634\u0627\u0631\u0639 \u0639\u0628\u062f \u0627\u0644\u0643\u0631\u064a\u0645 \u0627\u0644\u062e\u0637\u064a\u0628 \u0631\u0642\u0645 3124\u060c\u0627\u0644\u0648\u0641\u0627\u0642\u060c \u062a\u0645\u0627\u0631\u0629 \u064a\u0636\u0645 \u0627\u0644\u0645\u062c\u0645\u0639 \u0627\u0644\u0637\u0628\u064a \u0627\u0644\u0648\u0641\u0627\u0642 \u0645\u062c\u0645\u0648\u0639\u0629 \u0645\u0646 \u0627\u0644\u0639\u064a\u0627\u062f\u0627\u062a \u0627\u0644\u0637\u0628\u064a\u0629 \u0627\u0644\u0645\u062a\u062e\u0635\u0635\u0629 \u0648 \u0627\u0644\u062c\u0631\u0627\u062d\u064a\u0629\u060c \u0628\u0627\u0644\u0625\u0636\u0627\u0641\u0629 \u0625\u0644\u0649 \u0645\u062e\u062a\u0628\u0631 \u0644\u0644\u062a\u062d\u0627\u0644\u064a\u0644 \u0627\u0644\u0637\u0628\u064a\u0629\u062a\u0648\u0627\u0635\u0644 \u0645\u0639 \u0627\u0644\u0645\u062c\u0645\u0639 \u0627\u0644\u0637\u0628\u064a \u0627\u0644\u0648\u0641\u0627\u0642 &#916;<\/p>\n","protected":false},"author":1,"featured_media":0,"parent":0,"menu_order":0,"comment_status":"closed","ping_status":"closed","template":"","meta":{"footnotes":""},"class_list":["post-3178","page","type-page","status-publish","hentry"],"yoast_head":"<!-- This site is optimized with the Yoast SEO plugin v27.5 - https:\/\/yoast.com\/product\/yoast-seo-wordpress\/ -->\n<title>\u0627\u062a\u0635\u0644 \u0628\u0627\u0644\u0645\u062c\u0645\u0639 \u0627\u0644\u0637\u0628\u064a \u0627\u0644\u0648\u0641\u0627\u0642 - Complexe M\u00e9dical Al Wifak<\/title>\n<meta name=\"robots\" content=\"index, follow, max-snippet:-1, max-image-preview:large, max-video-preview:-1\" \/>\n<link rel=\"canonical\" href=\"https:\/\/cmw.ma\/contactez-le-cmw\/\" \/>\n<meta property=\"og:locale\" content=\"ar_AR\" \/>\n<meta property=\"og:type\" content=\"article\" \/>\n<meta property=\"og:title\" content=\"\u0627\u062a\u0635\u0644 \u0628\u0627\u0644\u0645\u062c\u0645\u0639 \u0627\u0644\u0637\u0628\u064a \u0627\u0644\u0648\u0641\u0627\u0642 - Complexe M\u00e9dical Al Wifak\" \/>\n<meta property=\"og:description\" content=\"\ufeff contact@cmw.ma\u0634\u0627\u0631\u0639 \u0639\u0628\u062f \u0627\u0644\u0643\u0631\u064a\u0645 \u0627\u0644\u062e\u0637\u064a\u0628 \u0631\u0642\u0645 3124\u060c\u0627\u0644\u0648\u0641\u0627\u0642\u060c \u062a\u0645\u0627\u0631\u0629 \u064a\u0636\u0645 \u0627\u0644\u0645\u062c\u0645\u0639 \u0627\u0644\u0637\u0628\u064a \u0627\u0644\u0648\u0641\u0627\u0642 \u0645\u062c\u0645\u0648\u0639\u0629 \u0645\u0646 \u0627\u0644\u0639\u064a\u0627\u062f\u0627\u062a \u0627\u0644\u0637\u0628\u064a\u0629 \u0627\u0644\u0645\u062a\u062e\u0635\u0635\u0629 \u0648 \u0627\u0644\u062c\u0631\u0627\u062d\u064a\u0629\u060c \u0628\u0627\u0644\u0625\u0636\u0627\u0641\u0629 \u0625\u0644\u0649 \u0645\u062e\u062a\u0628\u0631 \u0644\u0644\u062a\u062d\u0627\u0644\u064a\u0644 \u0627\u0644\u0637\u0628\u064a\u0629\u062a\u0648\u0627\u0635\u0644 \u0645\u0639 \u0627\u0644\u0645\u062c\u0645\u0639 \u0627\u0644\u0637\u0628\u064a \u0627\u0644\u0648\u0641\u0627\u0642 &#916;\" \/>\n<meta property=\"og:url\" content=\"https:\/\/cmw.ma\/contactez-le-cmw\/\" \/>\n<meta property=\"og:site_name\" content=\"Complexe M\u00e9dical Al Wifak\" \/>\n<meta property=\"article:publisher\" content=\"https:\/\/www.facebook.com\/cmw.maroc\/\" \/>\n<meta property=\"article:modified_time\" content=\"2020-06-08T07:47:59+00:00\" \/>\n<meta name=\"twitter:card\" content=\"summary_large_image\" \/>\n<script type=\"application\/ld+json\" class=\"yoast-schema-graph\">{\"@context\":\"https:\\\/\\\/schema.org\",\"@graph\":[{\"@type\":\"WebPage\",\"@id\":\"https:\\\/\\\/cmw.ma\\\/contactez-le-cmw\\\/\",\"url\":\"https:\\\/\\\/cmw.ma\\\/contactez-le-cmw\\\/\",\"name\":\"\u0627\u062a\u0635\u0644 \u0628\u0627\u0644\u0645\u062c\u0645\u0639 \u0627\u0644\u0637\u0628\u064a \u0627\u0644\u0648\u0641\u0627\u0642 - Complexe M\u00e9dical Al Wifak\",\"isPartOf\":{\"@id\":\"https:\\\/\\\/cmw.ma\\\/#website\"},\"datePublished\":\"2018-06-04T15:48:44+00:00\",\"dateModified\":\"2020-06-08T07:47:59+00:00\",\"breadcrumb\":{\"@id\":\"https:\\\/\\\/cmw.ma\\\/contactez-le-cmw\\\/#breadcrumb\"},\"inLanguage\":\"ar\",\"potentialAction\":[{\"@type\":\"ReadAction\",\"target\":[\"https:\\\/\\\/cmw.ma\\\/contactez-le-cmw\\\/\"]}]},{\"@type\":\"BreadcrumbList\",\"@id\":\"https:\\\/\\\/cmw.ma\\\/contactez-le-cmw\\\/#breadcrumb\",\"itemListElement\":[{\"@type\":\"ListItem\",\"position\":1,\"name\":\"Complexe M\u00e9dical Al Wifak\",\"item\":\"https:\\\/\\\/cmw.ma\\\/ar\\\/\"},{\"@type\":\"ListItem\",\"position\":2,\"name\":\"\u0627\u062a\u0635\u0644 \u0628\u0627\u0644\u0645\u062c\u0645\u0639 \u0627\u0644\u0637\u0628\u064a \u0627\u0644\u0648\u0641\u0627\u0642\"}]},{\"@type\":\"WebSite\",\"@id\":\"https:\\\/\\\/cmw.ma\\\/#website\",\"url\":\"https:\\\/\\\/cmw.ma\\\/\",\"name\":\"Complexe M\u00e9dical Al Wifak\",\"description\":\"Cabinets m\u00e9dicaux sp\u00e9cialis\u00e9s - Laboratoire d\u2019analyses biologiques m\u00e9dicales\",\"publisher\":{\"@id\":\"https:\\\/\\\/cmw.ma\\\/#organization\"},\"potentialAction\":[{\"@type\":\"SearchAction\",\"target\":{\"@type\":\"EntryPoint\",\"urlTemplate\":\"https:\\\/\\\/cmw.ma\\\/?s={search_term_string}\"},\"query-input\":{\"@type\":\"PropertyValueSpecification\",\"valueRequired\":true,\"valueName\":\"search_term_string\"}}],\"inLanguage\":\"ar\"},{\"@type\":\"Organization\",\"@id\":\"https:\\\/\\\/cmw.ma\\\/#organization\",\"name\":\"CMW - Complexe M\u00e9dical Al Wifak\",\"url\":\"https:\\\/\\\/cmw.ma\\\/\",\"logo\":{\"@type\":\"ImageObject\",\"inLanguage\":\"ar\",\"@id\":\"https:\\\/\\\/cmw.ma\\\/#\\\/schema\\\/logo\\\/image\\\/\",\"url\":\"http:\\\/\\\/www.cmw.ma\\\/wp-content\\\/uploads\\\/2018\\\/01\\\/Logo-CMW-1.png\",\"contentUrl\":\"http:\\\/\\\/www.cmw.ma\\\/wp-content\\\/uploads\\\/2018\\\/01\\\/Logo-CMW-1.png\",\"width\":248,\"height\":105,\"caption\":\"CMW - Complexe M\u00e9dical Al Wifak\"},\"image\":{\"@id\":\"https:\\\/\\\/cmw.ma\\\/#\\\/schema\\\/logo\\\/image\\\/\"},\"sameAs\":[\"https:\\\/\\\/www.facebook.com\\\/cmw.maroc\\\/\",\"https:\\\/\\\/www.instagram.com\\\/cmwmaroc\\\/\"]}]}<\/script>\n<!-- \/ Yoast SEO plugin. -->","yoast_head_json":{"title":"\u0627\u062a\u0635\u0644 \u0628\u0627\u0644\u0645\u062c\u0645\u0639 \u0627\u0644\u0637\u0628\u064a \u0627\u0644\u0648\u0641\u0627\u0642 - Complexe M\u00e9dical Al Wifak","robots":{"index":"index","follow":"follow","max-snippet":"max-snippet:-1","max-image-preview":"max-image-preview:large","max-video-preview":"max-video-preview:-1"},"canonical":"https:\/\/cmw.ma\/contactez-le-cmw\/","og_locale":"ar_AR","og_type":"article","og_title":"\u0627\u062a\u0635\u0644 \u0628\u0627\u0644\u0645\u062c\u0645\u0639 \u0627\u0644\u0637\u0628\u064a \u0627\u0644\u0648\u0641\u0627\u0642 - Complexe M\u00e9dical Al Wifak","og_description":"\ufeff contact@cmw.ma\u0634\u0627\u0631\u0639 \u0639\u0628\u062f \u0627\u0644\u0643\u0631\u064a\u0645 \u0627\u0644\u062e\u0637\u064a\u0628 \u0631\u0642\u0645 3124\u060c\u0627\u0644\u0648\u0641\u0627\u0642\u060c \u062a\u0645\u0627\u0631\u0629 \u064a\u0636\u0645 \u0627\u0644\u0645\u062c\u0645\u0639 \u0627\u0644\u0637\u0628\u064a \u0627\u0644\u0648\u0641\u0627\u0642 \u0645\u062c\u0645\u0648\u0639\u0629 \u0645\u0646 \u0627\u0644\u0639\u064a\u0627\u062f\u0627\u062a \u0627\u0644\u0637\u0628\u064a\u0629 \u0627\u0644\u0645\u062a\u062e\u0635\u0635\u0629 \u0648 \u0627\u0644\u062c\u0631\u0627\u062d\u064a\u0629\u060c \u0628\u0627\u0644\u0625\u0636\u0627\u0641\u0629 \u0625\u0644\u0649 \u0645\u062e\u062a\u0628\u0631 \u0644\u0644\u062a\u062d\u0627\u0644\u064a\u0644 \u0627\u0644\u0637\u0628\u064a\u0629\u062a\u0648\u0627\u0635\u0644 \u0645\u0639 \u0627\u0644\u0645\u062c\u0645\u0639 \u0627\u0644\u0637\u0628\u064a \u0627\u0644\u0648\u0641\u0627\u0642 &#916;","og_url":"https:\/\/cmw.ma\/contactez-le-cmw\/","og_site_name":"Complexe M\u00e9dical Al Wifak","article_publisher":"https:\/\/www.facebook.com\/cmw.maroc\/","article_modified_time":"2020-06-08T07:47:59+00:00","twitter_card":"summary_large_image","schema":{"@context":"https:\/\/schema.org","@graph":[{"@type":"WebPage","@id":"https:\/\/cmw.ma\/contactez-le-cmw\/","url":"https:\/\/cmw.ma\/contactez-le-cmw\/","name":"\u0627\u062a\u0635\u0644 \u0628\u0627\u0644\u0645\u062c\u0645\u0639 \u0627\u0644\u0637\u0628\u064a \u0627\u0644\u0648\u0641\u0627\u0642 - Complexe M\u00e9dical Al Wifak","isPartOf":{"@id":"https:\/\/cmw.ma\/#website"},"datePublished":"2018-06-04T15:48:44+00:00","dateModified":"2020-06-08T07:47:59+00:00","breadcrumb":{"@id":"https:\/\/cmw.ma\/contactez-le-cmw\/#breadcrumb"},"inLanguage":"ar","potentialAction":[{"@type":"ReadAction","target":["https:\/\/cmw.ma\/contactez-le-cmw\/"]}]},{"@type":"BreadcrumbList","@id":"https:\/\/cmw.ma\/contactez-le-cmw\/#breadcrumb","itemListElement":[{"@type":"ListItem","position":1,"name":"Complexe M\u00e9dical Al Wifak","item":"https:\/\/cmw.ma\/ar\/"},{"@type":"ListItem","position":2,"name":"\u0627\u062a\u0635\u0644 \u0628\u0627\u0644\u0645\u062c\u0645\u0639 \u0627\u0644\u0637\u0628\u064a \u0627\u0644\u0648\u0641\u0627\u0642"}]},{"@type":"WebSite","@id":"https:\/\/cmw.ma\/#website","url":"https:\/\/cmw.ma\/","name":"Complexe M\u00e9dical Al Wifak","description":"Cabinets m\u00e9dicaux sp\u00e9cialis\u00e9s - Laboratoire d\u2019analyses biologiques m\u00e9dicales","publisher":{"@id":"https:\/\/cmw.ma\/#organization"},"potentialAction":[{"@type":"SearchAction","target":{"@type":"EntryPoint","urlTemplate":"https:\/\/cmw.ma\/?s={search_term_string}"},"query-input":{"@type":"PropertyValueSpecification","valueRequired":true,"valueName":"search_term_string"}}],"inLanguage":"ar"},{"@type":"Organization","@id":"https:\/\/cmw.ma\/#organization","name":"CMW - Complexe M\u00e9dical Al Wifak","url":"https:\/\/cmw.ma\/","logo":{"@type":"ImageObject","inLanguage":"ar","@id":"https:\/\/cmw.ma\/#\/schema\/logo\/image\/","url":"http:\/\/www.cmw.ma\/wp-content\/uploads\/2018\/01\/Logo-CMW-1.png","contentUrl":"http:\/\/www.cmw.ma\/wp-content\/uploads\/2018\/01\/Logo-CMW-1.png","width":248,"height":105,"caption":"CMW - Complexe M\u00e9dical Al Wifak"},"image":{"@id":"https:\/\/cmw.ma\/#\/schema\/logo\/image\/"},"sameAs":["https:\/\/www.facebook.com\/cmw.maroc\/","https:\/\/www.instagram.com\/cmwmaroc\/"]}]}},"_links":{"self":[{"href":"https:\/\/cmw.ma\/ar\/wp-json\/wp\/v2\/pages\/3178","targetHints":{"allow":["GET"]}}],"collection":[{"href":"https:\/\/cmw.ma\/ar\/wp-json\/wp\/v2\/pages"}],"about":[{"href":"https:\/\/cmw.ma\/ar\/wp-json\/wp\/v2\/types\/page"}],"author":[{"embeddable":true,"href":"https:\/\/cmw.ma\/ar\/wp-json\/wp\/v2\/users\/1"}],"replies":[{"embeddable":true,"href":"https:\/\/cmw.ma\/ar\/wp-json\/wp\/v2\/comments?post=3178"}],"version-history":[{"count":2,"href":"https:\/\/cmw.ma\/ar\/wp-json\/wp\/v2\/pages\/3178\/revisions"}],"predecessor-version":[{"id":3181,"href":"https:\/\/cmw.ma\/ar\/wp-json\/wp\/v2\/pages\/3178\/revisions\/3181"}],"wp:attachment":[{"href":"https:\/\/cmw.ma\/ar\/wp-json\/wp\/v2\/media?parent=3178"}],"curies":[{"name":"wp","href":"https:\/\/api.w.org\/{rel}","templated":true}]}}