{"id":3122,"date":"2018-05-19T14:25:03","date_gmt":"2018-05-19T14:25:03","guid":{"rendered":"http:\/\/www.cmw.ma\/?page_id=3122"},"modified":"2018-05-19T16:05:41","modified_gmt":"2018-05-19T16:05:41","slug":"%d8%a2%d8%ae%d8%b1-%d9%85%d8%b3%d8%aa%d8%ac%d8%af%d8%a7%d8%aa-%d8%a7%d9%84%d9%85%d8%ac%d9%85%d8%b9-%d8%a7%d9%84%d8%b7%d8%a8%d9%8a","status":"publish","type":"page","link":"https:\/\/cmw.ma\/ar\/%d8%a2%d8%ae%d8%b1-%d9%85%d8%b3%d8%aa%d8%ac%d8%af%d8%a7%d8%aa-%d8%a7%d9%84%d9%85%d8%ac%d9%85%d8%b9-%d8%a7%d9%84%d8%b7%d8%a8%d9%8a\/","title":{"rendered":"\u0622\u062e\u0631 \u0645\u0633\u062a\u062c\u062f\u0627\u062a \u0627\u0644\u0645\u062c\u0645\u0639 \u0627\u0644\u0637\u0628\u064a"},"content":{"rendered":"<style><\/style><style><\/style><div id=\"c5ab-section-RTnaqS\" class=\"c5-light-background c5ab-desktop-TRUE c5ab-tablet-TRUE c5ab-mobile-TRUE  c5ab-section-common c5ab-align-left code125-ab-background-wrap\"><div class=\"c5ab-center-content\" ><style>#c5ab-section-RTnaqS .c5ab-center-content{max-width: 1170px; } <\/style><div class=\"c5ab-row clearfix\" id=\"c5ab-row-RTnaqS\"><style><\/style><style><\/style><div id=\"c5ab-column-htEJny\" class=\"c5ab-col-base c5ab-col-lg-12 c5ab-col-md-12 c5ab-col-sm-12 c5-light-background  \"><div class=\"code125-ab-background-wrap \"><div class=\"c5ab-widget widget_posts-widget c5ab-desktop-TRUE c5ab-tablet-TRUE c5ab-mobile-TRUE\" id=\"c5ab-widget-ydNjoH\" ><article id=\"post-not-found\" class=\"hentry clearfix\">\n\t\t\t<header class=\"article-header\">\n\t\t\t<h1>No Articles to show!<\/h1>\n\t\t\t<\/header>\n\t\t\t<section class=\"entry-content\">\n\t\t\t<p>No articles found to show on this page.<\/p>\n\t\t\t<\/section>\n\t\t\t<\/article><\/div><\/div><\/div><\/div><\/div><\/div>","protected":false},"excerpt":{"rendered":"<p>No Articles to show! No articles found to show on this page.<\/p>\n","protected":false},"author":1,"featured_media":0,"parent":0,"menu_order":0,"comment_status":"closed","ping_status":"closed","template":"","meta":{"footnotes":""},"class_list":["post-3122","page","type-page","status-publish","hentry"],"yoast_head":"<!-- This site is optimized with the Yoast SEO plugin v27.5 - https:\/\/yoast.com\/product\/yoast-seo-wordpress\/ -->\n<title>\u0622\u062e\u0631 \u0645\u0633\u062a\u062c\u062f\u0627\u062a \u0627\u0644\u0645\u062c\u0645\u0639 \u0627\u0644\u0637\u0628\u064a - Complexe M\u00e9dical Al Wifak<\/title>\n<meta name=\"robots\" content=\"index, follow, max-snippet:-1, max-image-preview:large, max-video-preview:-1\" \/>\n<link rel=\"canonical\" href=\"https:\/\/cmw.ma\/ar\/\u0622\u062e\u0631-\u0645\u0633\u062a\u062c\u062f\u0627\u062a-\u0627\u0644\u0645\u062c\u0645\u0639-\u0627\u0644\u0637\u0628\u064a\/\" \/>\n<meta property=\"og:locale\" content=\"ar_AR\" \/>\n<meta property=\"og:type\" content=\"article\" \/>\n<meta property=\"og:title\" content=\"\u0622\u062e\u0631 \u0645\u0633\u062a\u062c\u062f\u0627\u062a \u0627\u0644\u0645\u062c\u0645\u0639 \u0627\u0644\u0637\u0628\u064a - Complexe M\u00e9dical Al Wifak\" \/>\n<meta property=\"og:description\" content=\"No Articles to show! No articles found to show on this page.\" \/>\n<meta property=\"og:url\" content=\"https:\/\/cmw.ma\/ar\/\u0622\u062e\u0631-\u0645\u0633\u062a\u062c\u062f\u0627\u062a-\u0627\u0644\u0645\u062c\u0645\u0639-\u0627\u0644\u0637\u0628\u064a\/\" \/>\n<meta property=\"og:site_name\" content=\"Complexe M\u00e9dical Al Wifak\" \/>\n<meta property=\"article:publisher\" content=\"https:\/\/www.facebook.com\/cmw.maroc\/\" \/>\n<meta property=\"article:modified_time\" content=\"2018-05-19T16:05:41+00:00\" \/>\n<meta name=\"twitter:card\" content=\"summary_large_image\" \/>\n<script type=\"application\/ld+json\" class=\"yoast-schema-graph\">{\"@context\":\"https:\\\/\\\/schema.org\",\"@graph\":[{\"@type\":\"WebPage\",\"@id\":\"https:\\\/\\\/cmw.ma\\\/ar\\\/%d8%a2%d8%ae%d8%b1-%d9%85%d8%b3%d8%aa%d8%ac%d8%af%d8%a7%d8%aa-%d8%a7%d9%84%d9%85%d8%ac%d9%85%d8%b9-%d8%a7%d9%84%d8%b7%d8%a8%d9%8a\\\/\",\"url\":\"https:\\\/\\\/cmw.ma\\\/ar\\\/%d8%a2%d8%ae%d8%b1-%d9%85%d8%b3%d8%aa%d8%ac%d8%af%d8%a7%d8%aa-%d8%a7%d9%84%d9%85%d8%ac%d9%85%d8%b9-%d8%a7%d9%84%d8%b7%d8%a8%d9%8a\\\/\",\"name\":\"\u0622\u062e\u0631 \u0645\u0633\u062a\u062c\u062f\u0627\u062a \u0627\u0644\u0645\u062c\u0645\u0639 \u0627\u0644\u0637\u0628\u064a - Complexe M\u00e9dical Al Wifak\",\"isPartOf\":{\"@id\":\"https:\\\/\\\/cmw.ma\\\/#website\"},\"datePublished\":\"2018-05-19T14:25:03+00:00\",\"dateModified\":\"2018-05-19T16:05:41+00:00\",\"breadcrumb\":{\"@id\":\"https:\\\/\\\/cmw.ma\\\/ar\\\/%d8%a2%d8%ae%d8%b1-%d9%85%d8%b3%d8%aa%d8%ac%d8%af%d8%a7%d8%aa-%d8%a7%d9%84%d9%85%d8%ac%d9%85%d8%b9-%d8%a7%d9%84%d8%b7%d8%a8%d9%8a\\\/#breadcrumb\"},\"inLanguage\":\"ar\",\"potentialAction\":[{\"@type\":\"ReadAction\",\"target\":[\"https:\\\/\\\/cmw.ma\\\/ar\\\/%d8%a2%d8%ae%d8%b1-%d9%85%d8%b3%d8%aa%d8%ac%d8%af%d8%a7%d8%aa-%d8%a7%d9%84%d9%85%d8%ac%d9%85%d8%b9-%d8%a7%d9%84%d8%b7%d8%a8%d9%8a\\\/\"]}]},{\"@type\":\"BreadcrumbList\",\"@id\":\"https:\\\/\\\/cmw.ma\\\/ar\\\/%d8%a2%d8%ae%d8%b1-%d9%85%d8%b3%d8%aa%d8%ac%d8%af%d8%a7%d8%aa-%d8%a7%d9%84%d9%85%d8%ac%d9%85%d8%b9-%d8%a7%d9%84%d8%b7%d8%a8%d9%8a\\\/#breadcrumb\",\"itemListElement\":[{\"@type\":\"ListItem\",\"position\":1,\"name\":\"Complexe M\u00e9dical Al Wifak\",\"item\":\"https:\\\/\\\/cmw.ma\\\/ar\\\/\"},{\"@type\":\"ListItem\",\"position\":2,\"name\":\"\u0622\u062e\u0631 \u0645\u0633\u062a\u062c\u062f\u0627\u062a \u0627\u0644\u0645\u062c\u0645\u0639 \u0627\u0644\u0637\u0628\u064a\"}]},{\"@type\":\"WebSite\",\"@id\":\"https:\\\/\\\/cmw.ma\\\/#website\",\"url\":\"https:\\\/\\\/cmw.ma\\\/\",\"name\":\"Complexe M\u00e9dical Al Wifak\",\"description\":\"Cabinets m\u00e9dicaux sp\u00e9cialis\u00e9s - Laboratoire d\u2019analyses biologiques m\u00e9dicales\",\"publisher\":{\"@id\":\"https:\\\/\\\/cmw.ma\\\/#organization\"},\"potentialAction\":[{\"@type\":\"SearchAction\",\"target\":{\"@type\":\"EntryPoint\",\"urlTemplate\":\"https:\\\/\\\/cmw.ma\\\/?s={search_term_string}\"},\"query-input\":{\"@type\":\"PropertyValueSpecification\",\"valueRequired\":true,\"valueName\":\"search_term_string\"}}],\"inLanguage\":\"ar\"},{\"@type\":\"Organization\",\"@id\":\"https:\\\/\\\/cmw.ma\\\/#organization\",\"name\":\"CMW - Complexe M\u00e9dical Al Wifak\",\"url\":\"https:\\\/\\\/cmw.ma\\\/\",\"logo\":{\"@type\":\"ImageObject\",\"inLanguage\":\"ar\",\"@id\":\"https:\\\/\\\/cmw.ma\\\/#\\\/schema\\\/logo\\\/image\\\/\",\"url\":\"http:\\\/\\\/www.cmw.ma\\\/wp-content\\\/uploads\\\/2018\\\/01\\\/Logo-CMW-1.png\",\"contentUrl\":\"http:\\\/\\\/www.cmw.ma\\\/wp-content\\\/uploads\\\/2018\\\/01\\\/Logo-CMW-1.png\",\"width\":248,\"height\":105,\"caption\":\"CMW - Complexe M\u00e9dical Al Wifak\"},\"image\":{\"@id\":\"https:\\\/\\\/cmw.ma\\\/#\\\/schema\\\/logo\\\/image\\\/\"},\"sameAs\":[\"https:\\\/\\\/www.facebook.com\\\/cmw.maroc\\\/\",\"https:\\\/\\\/www.instagram.com\\\/cmwmaroc\\\/\"]}]}<\/script>\n<!-- \/ Yoast SEO plugin. -->","yoast_head_json":{"title":"\u0622\u062e\u0631 \u0645\u0633\u062a\u062c\u062f\u0627\u062a \u0627\u0644\u0645\u062c\u0645\u0639 \u0627\u0644\u0637\u0628\u064a - Complexe M\u00e9dical Al Wifak","robots":{"index":"index","follow":"follow","max-snippet":"max-snippet:-1","max-image-preview":"max-image-preview:large","max-video-preview":"max-video-preview:-1"},"canonical":"https:\/\/cmw.ma\/ar\/\u0622\u062e\u0631-\u0645\u0633\u062a\u062c\u062f\u0627\u062a-\u0627\u0644\u0645\u062c\u0645\u0639-\u0627\u0644\u0637\u0628\u064a\/","og_locale":"ar_AR","og_type":"article","og_title":"\u0622\u062e\u0631 \u0645\u0633\u062a\u062c\u062f\u0627\u062a \u0627\u0644\u0645\u062c\u0645\u0639 \u0627\u0644\u0637\u0628\u064a - Complexe M\u00e9dical Al Wifak","og_description":"No Articles to show! No articles found to show on this page.","og_url":"https:\/\/cmw.ma\/ar\/\u0622\u062e\u0631-\u0645\u0633\u062a\u062c\u062f\u0627\u062a-\u0627\u0644\u0645\u062c\u0645\u0639-\u0627\u0644\u0637\u0628\u064a\/","og_site_name":"Complexe M\u00e9dical Al Wifak","article_publisher":"https:\/\/www.facebook.com\/cmw.maroc\/","article_modified_time":"2018-05-19T16:05:41+00:00","twitter_card":"summary_large_image","schema":{"@context":"https:\/\/schema.org","@graph":[{"@type":"WebPage","@id":"https:\/\/cmw.ma\/ar\/%d8%a2%d8%ae%d8%b1-%d9%85%d8%b3%d8%aa%d8%ac%d8%af%d8%a7%d8%aa-%d8%a7%d9%84%d9%85%d8%ac%d9%85%d8%b9-%d8%a7%d9%84%d8%b7%d8%a8%d9%8a\/","url":"https:\/\/cmw.ma\/ar\/%d8%a2%d8%ae%d8%b1-%d9%85%d8%b3%d8%aa%d8%ac%d8%af%d8%a7%d8%aa-%d8%a7%d9%84%d9%85%d8%ac%d9%85%d8%b9-%d8%a7%d9%84%d8%b7%d8%a8%d9%8a\/","name":"\u0622\u062e\u0631 \u0645\u0633\u062a\u062c\u062f\u0627\u062a \u0627\u0644\u0645\u062c\u0645\u0639 \u0627\u0644\u0637\u0628\u064a - Complexe M\u00e9dical Al Wifak","isPartOf":{"@id":"https:\/\/cmw.ma\/#website"},"datePublished":"2018-05-19T14:25:03+00:00","dateModified":"2018-05-19T16:05:41+00:00","breadcrumb":{"@id":"https:\/\/cmw.ma\/ar\/%d8%a2%d8%ae%d8%b1-%d9%85%d8%b3%d8%aa%d8%ac%d8%af%d8%a7%d8%aa-%d8%a7%d9%84%d9%85%d8%ac%d9%85%d8%b9-%d8%a7%d9%84%d8%b7%d8%a8%d9%8a\/#breadcrumb"},"inLanguage":"ar","potentialAction":[{"@type":"ReadAction","target":["https:\/\/cmw.ma\/ar\/%d8%a2%d8%ae%d8%b1-%d9%85%d8%b3%d8%aa%d8%ac%d8%af%d8%a7%d8%aa-%d8%a7%d9%84%d9%85%d8%ac%d9%85%d8%b9-%d8%a7%d9%84%d8%b7%d8%a8%d9%8a\/"]}]},{"@type":"BreadcrumbList","@id":"https:\/\/cmw.ma\/ar\/%d8%a2%d8%ae%d8%b1-%d9%85%d8%b3%d8%aa%d8%ac%d8%af%d8%a7%d8%aa-%d8%a7%d9%84%d9%85%d8%ac%d9%85%d8%b9-%d8%a7%d9%84%d8%b7%d8%a8%d9%8a\/#breadcrumb","itemListElement":[{"@type":"ListItem","position":1,"name":"Complexe M\u00e9dical Al Wifak","item":"https:\/\/cmw.ma\/ar\/"},{"@type":"ListItem","position":2,"name":"\u0622\u062e\u0631 \u0645\u0633\u062a\u062c\u062f\u0627\u062a \u0627\u0644\u0645\u062c\u0645\u0639 \u0627\u0644\u0637\u0628\u064a"}]},{"@type":"WebSite","@id":"https:\/\/cmw.ma\/#website","url":"https:\/\/cmw.ma\/","name":"Complexe M\u00e9dical Al Wifak","description":"Cabinets m\u00e9dicaux sp\u00e9cialis\u00e9s - Laboratoire d\u2019analyses biologiques m\u00e9dicales","publisher":{"@id":"https:\/\/cmw.ma\/#organization"},"potentialAction":[{"@type":"SearchAction","target":{"@type":"EntryPoint","urlTemplate":"https:\/\/cmw.ma\/?s={search_term_string}"},"query-input":{"@type":"PropertyValueSpecification","valueRequired":true,"valueName":"search_term_string"}}],"inLanguage":"ar"},{"@type":"Organization","@id":"https:\/\/cmw.ma\/#organization","name":"CMW - Complexe M\u00e9dical Al Wifak","url":"https:\/\/cmw.ma\/","logo":{"@type":"ImageObject","inLanguage":"ar","@id":"https:\/\/cmw.ma\/#\/schema\/logo\/image\/","url":"http:\/\/www.cmw.ma\/wp-content\/uploads\/2018\/01\/Logo-CMW-1.png","contentUrl":"http:\/\/www.cmw.ma\/wp-content\/uploads\/2018\/01\/Logo-CMW-1.png","width":248,"height":105,"caption":"CMW - Complexe M\u00e9dical Al Wifak"},"image":{"@id":"https:\/\/cmw.ma\/#\/schema\/logo\/image\/"},"sameAs":["https:\/\/www.facebook.com\/cmw.maroc\/","https:\/\/www.instagram.com\/cmwmaroc\/"]}]}},"_links":{"self":[{"href":"https:\/\/cmw.ma\/ar\/wp-json\/wp\/v2\/pages\/3122","targetHints":{"allow":["GET"]}}],"collection":[{"href":"https:\/\/cmw.ma\/ar\/wp-json\/wp\/v2\/pages"}],"about":[{"href":"https:\/\/cmw.ma\/ar\/wp-json\/wp\/v2\/types\/page"}],"author":[{"embeddable":true,"href":"https:\/\/cmw.ma\/ar\/wp-json\/wp\/v2\/users\/1"}],"replies":[{"embeddable":true,"href":"https:\/\/cmw.ma\/ar\/wp-json\/wp\/v2\/comments?post=3122"}],"version-history":[{"count":2,"href":"https:\/\/cmw.ma\/ar\/wp-json\/wp\/v2\/pages\/3122\/revisions"}],"predecessor-version":[{"id":3192,"href":"https:\/\/cmw.ma\/ar\/wp-json\/wp\/v2\/pages\/3122\/revisions\/3192"}],"wp:attachment":[{"href":"https:\/\/cmw.ma\/ar\/wp-json\/wp\/v2\/media?parent=3122"}],"curies":[{"name":"wp","href":"https:\/\/api.w.org\/{rel}","templated":true}]}}